{"id":996403,"date":"2026-04-08T06:59:46","date_gmt":"2026-04-08T06:59:46","guid":{"rendered":"https:\/\/neuroport.pl\/?page_id=996403"},"modified":"2026-04-08T07:03:15","modified_gmt":"2026-04-08T07:03:15","slug":"choroby-zwyrodnieniowe-stawow-artroza","status":"publish","type":"page","link":"https:\/\/neuroport.pl\/en\/choroby-zwyrodnieniowe-stawow-artroza\/","title":{"rendered":"Choroby zwyrodnieniowe staw\u00f3w (artroza)"},"content":{"rendered":"<div class=\"vgblk-rw-wrapper limit-wrapper\">\n<p class=\"has-text-align-center\">B\u00f3l staw\u00f3w to jeden z najcz\u0119stszych objaw\u00f3w, kt\u00f3ry mo\u017ce wskazywa\u0107 na rozwijaj\u0105c\u0105 si\u0119 chorob\u0119 zwyrodnieniow\u0105, czyli artroz\u0119. W pocz\u0105tkowej fazie dolegliwo\u015bci bywaj\u0105 bagatelizowane, jednak z czasem mog\u0105 znacz\u0105co ogranicza\u0107 codzienne funkcjonowanie. B\u00f3l staw\u00f3w nasila si\u0119 podczas ruchu, a jego \u017ar\u00f3d\u0142em jest stopniowe zu\u017cywanie chrz\u0105stki stawowej. W\u0142a\u015bciwe rozpoznanie i wdro\u017cenie terapii pozwala spowolni\u0107 proces chorobowy, a tak\u017ce poprawi\u0107 komfort \u017cycia oraz ograniczy\u0107 rozw\u00f3j zmian zwyrodnieniowych i b\u00f3lu.<\/p>\n\n\n\n<h2 class=\"wp-block-heading has-text-align-center\">B\u00f3l staw\u00f3w \u2013 objawy i najcz\u0119stsze lokalizacje zmian zwyrodnieniowych<\/h2>\n\n\n\n<p class=\"has-text-align-center\">W przebiegu choroby, jak\u0105 jest artroza, objawy rozwijaj\u0105 si\u0119 stopniowo. B\u00f3l staw\u00f3w cz\u0119sto nasila si\u0119 po wysi\u0142ku fizycznym, a tak\u017ce po d\u0142u\u017cszym okresie bezruchu. Charakterystyczna jest <strong>sztywno\u015b\u0107 poranna oraz ograniczenie zakresu ruchu<\/strong>. Szczeg\u00f3lnym przypadkiem jest artroza stawu barkowego, kt\u00f3ra utrudnia wykonywanie codziennych czynno\u015bci, takich jak podnoszenie r\u0119ki. W niekt\u00f3rych sytuacjach dolegliwo\u015bci mog\u0105 przypomina\u0107 <a href=\"https:\/\/neuroport.pl\/en\/rheumatoid-arthritis-eczema\/\">zapalenie staw\u00f3w<\/a>, dlatego tak wa\u017cna jest prawid\u0142owa diagnostyka i r\u00f3\u017cnicowanie przyczyn b\u00f3lu. Wczesne rozpoznanie objaw\u00f3w pozwala wdro\u017cy\u0107 odpowiednie leczenie i zapobiec dalszemu pog\u0142\u0119bianiu si\u0119 zmian zwyrodnieniowych oraz utracie sprawno\u015bci.<\/p>\n\n\n\n<h2 class=\"wp-block-heading has-text-align-center\">Artroza \u2013 przyczyny, rozw\u00f3j i mechanizm choroby<\/h2>\n\n\n\n<p class=\"has-text-align-center\">Artroza to przewlek\u0142a choroba zwyrodnieniowa, kt\u00f3ra polega na stopniowym uszkadzaniu struktur stawu. Proces ten obejmuje zar\u00f3wno chrz\u0105stk\u0119, jak i tkanki otaczaj\u0105ce, co prowadzi do b\u00f3lu oraz ograniczenia ruchomo\u015bci. B\u00f3l staw\u00f3w pojawia si\u0119 najcz\u0119\u015bciej w wyniku przeci\u0105\u017ce\u0144, uraz\u00f3w lub naturalnych proces\u00f3w starzenia. Warto pami\u0119ta\u0107, \u017ce nawet pozornie niewielkie urazy, takie jak <a href=\"https:\/\/neuroport.pl\/en\/ankle-sprain\/\">ankle sprain<\/a> or <a href=\"https:\/\/neuroport.pl\/en\/sprains-and-dislocations-of-joints\/\">skr\u0119cenie stawu skokowego i naderwanie wi\u0119zade\u0142<\/a>, mog\u0105 przyspiesza\u0107 rozw\u00f3j zmian zwyrodnieniowych. W zaawansowanych przypadkach <strong>artroza stawu prowadzi do trwa\u0142ych zmian strukturalnych<\/strong>, kt\u00f3re mog\u0105 znacz\u0105co obni\u017cy\u0107 komfort \u017cycia i utrudni\u0107 codzienne funkcjonowanie.<\/p>\n\n\n\n<h2 class=\"wp-block-heading has-text-align-center\">Artroza, jak leczy\u0107? Skuteczne metody terapii<\/h2>\n\n\n\n<p class=\"has-text-align-center\">Wielu pacjent\u00f3w zastanawia si\u0119, artroza jak leczy\u0107, aby skutecznie ograniczy\u0107 objawy i poprawi\u0107 jako\u015b\u0107 \u017cycia. Leczenie obejmuje zar\u00f3wno metody zachowawcze, jak i specjalistyczn\u0105 rehabilitacj\u0119. Kluczowe znaczenie ma <strong>indywidualne dopasowanie terapii do stanu pacjenta, poziomu zaawansowania zmian<\/strong> oraz jego codziennej aktywno\u015bci. Wczesne wdro\u017cenie odpowiednich dzia\u0142a\u0144 pozwala spowolni\u0107 rozw\u00f3j choroby i zmniejszy\u0107 dolegliwo\u015bci b\u00f3lowe. W zale\u017cno\u015bci od stopnia zaawansowania choroby stosuje si\u0119 przede wszystkim:<\/p>\n\n\n\n<p class=\"has-text-align-center\">fizjoterapi\u0119 i \u0107wiczenia wzmacniaj\u0105ce;<\/p>\n\n\n\n<p class=\"has-text-align-center\">terapi\u0119 manualn\u0105 poprawiaj\u0105c\u0105 ruchomo\u015b\u0107 stawu;<\/p>\n\n\n\n<p class=\"has-text-align-center\">zabiegi fizykalne redukuj\u0105ce b\u00f3l;<\/p>\n\n\n\n<p class=\"has-text-align-center\">edukacj\u0119 w zakresie ergonomii ruchu.<\/p>\n\n\n\n<p class=\"has-text-align-center\">W niekt\u00f3rych przypadkach, takich jak zaawansowana artroza stawu barkowego, konieczne mo\u017ce by\u0107 leczenie operacyjne. Je\u015bli zostanie zastosowana <a href=\"https:\/\/neuroport.pl\/en\/rehabilitation-after-knee-and-hip-endoprosthesis\/\">endoproteza odwr\u00f3cona stawu barkowego, rehabilitacja<\/a> odgrywa istotn\u0105 rol\u0119 w odzyskaniu funkcji ruchowych i poprawie komfortu \u017cycia pacjenta.&nbsp;<\/p>\n\n\n\n<h2 class=\"wp-block-heading has-text-align-center\">Artroza leczenie naturalne i rehabilitacja \u2013 kompleksowe podej\u015bcie<\/h2>\n\n\n\n<p class=\"has-text-align-center\">W przypadku takiej choroby jak artroza leczenie naturalne wspiera tradycyjne metody terapeutyczne. Odpowiednia dieta, suplementacja oraz aktywno\u015b\u0107 fizyczna mog\u0105 znacz\u0105co wp\u0142yn\u0105\u0107 na redukcj\u0119 objaw\u00f3w. <strong>B\u00f3l staw\u00f3w mo\u017cna \u0142agodzi\u0107 poprzez regularny ruch<\/strong> dostosowany do mo\u017cliwo\u015bci pacjenta. Kluczow\u0105 rol\u0119 odgrywa rehabilitacja, szczeg\u00f3lnie w wyspecjalizowanych plac\u00f3wkach, takich jak <a href=\"https:\/\/neuroport.pl\/en\/\">o\u015brodek rehabilitacyjny w Kiekrzu<\/a>, gdzie stosuje si\u0119 nowoczesne metody terapii. Dzi\u0119ki temu mo\u017cliwe jest spowolnienie post\u0119pu choroby, jak\u0105 jest artroza, oraz poprawa funkcji ruchowych i og\u00f3lnej sprawno\u015bci organizmu.<\/p>\n\n\n\n<h2 class=\"wp-block-heading has-text-align-center\">Artroza \u2013 skuteczna pomoc i rehabilitacja w Neuroport<\/h2>\n\n\n\n<p class=\"has-text-align-center\">Je\u015bli dokucza Ci b\u00f3l staw\u00f3w i podejrzewasz artroza stawu lub artroza stawu barkowego, warto jak najszybciej skorzysta\u0107 z profesjonalnej pomocy. W Neuroport zapewniamy kompleksowe podej\u015bcie do terapii, <strong>\u0142\u0105cz\u0105c nowoczesn\u0105 diagnostyk\u0119 z indywidualnie dobranym planem rehabilitacji<\/strong>. Oferujemy skuteczne rozwi\u0105zania dla os\u00f3b, kt\u00f3re zastanawiaj\u0105 si\u0119: artroza, jak leczy\u0107 t\u0119 chorob\u0119. Nasz zesp\u00f3\u0142 specjalist\u00f3w pomo\u017ce Ci odzyska\u0107 sprawno\u015b\u0107 i poprawi\u0107 jako\u015b\u0107 \u017cycia. Skontaktuj si\u0119 z Neuroport i rozpocznij skuteczn\u0105 terapi\u0119 ju\u017c dzi\u015b, korzystaj\u0105c z wiedzy do\u015bwiadczonych terapeut\u00f3w.<\/p>\n<\/div><!-- .vgblk-rw-wrapper -->","protected":false},"excerpt":{"rendered":"<p>B\u00f3l staw\u00f3w to jeden z najcz\u0119stszych objaw\u00f3w, kt\u00f3ry mo\u017ce wskazywa\u0107 na rozwijaj\u0105c\u0105 si\u0119 chorob\u0119 zwyrodnieniow\u0105, czyli artroz\u0119. W pocz\u0105tkowej fazie dolegliwo\u015bci bywaj\u0105 bagatelizowane, jednak z czasem mog\u0105 znacz\u0105co ogranicza\u0107 codzienne funkcjonowanie. B\u00f3l staw\u00f3w nasila si\u0119 podczas ruchu, a jego \u017ar\u00f3d\u0142em jest stopniowe zu\u017cywanie chrz\u0105stki stawowej. W\u0142a\u015bciwe rozpoznanie i wdro\u017cenie terapii pozwala spowolni\u0107 proces chorobowy, a&#8230;<\/p>","protected":false},"author":2,"featured_media":0,"parent":0,"menu_order":0,"comment_status":"closed","ping_status":"closed","template":"","meta":{"_acf_changed":false,"inline_featured_image":false,"footnotes":""},"class_list":["post-996403","page","type-page","status-publish","hentry"],"acf":[],"yoast_head":"<!-- This site is optimized with the Yoast SEO plugin v27.2 - https:\/\/yoast.com\/product\/yoast-seo-wordpress\/ -->\n<title>Choroby zwyrodnieniowe staw\u00f3w (artroza) - Neuroport<\/title>\n<meta name=\"robots\" content=\"index, follow, max-snippet:-1, max-image-preview:large, max-video-preview:-1\" \/>\n<link rel=\"canonical\" href=\"https:\/\/neuroport.pl\/en\/choroby-zwyrodnieniowe-stawow-artroza\/\" \/>\n<meta property=\"og:locale\" content=\"en_US\" \/>\n<meta property=\"og:type\" content=\"article\" \/>\n<meta property=\"og:title\" content=\"Choroby zwyrodnieniowe staw\u00f3w (artroza) - Neuroport\" \/>\n<meta property=\"og:description\" content=\"B\u00f3l staw\u00f3w to jeden z najcz\u0119stszych objaw\u00f3w, kt\u00f3ry mo\u017ce wskazywa\u0107 na rozwijaj\u0105c\u0105 si\u0119 chorob\u0119 zwyrodnieniow\u0105, czyli artroz\u0119. W pocz\u0105tkowej fazie dolegliwo\u015bci bywaj\u0105 bagatelizowane, jednak z czasem mog\u0105 znacz\u0105co ogranicza\u0107 codzienne funkcjonowanie. B\u00f3l staw\u00f3w nasila si\u0119 podczas ruchu, a jego \u017ar\u00f3d\u0142em jest stopniowe zu\u017cywanie chrz\u0105stki stawowej. W\u0142a\u015bciwe rozpoznanie i wdro\u017cenie terapii pozwala spowolni\u0107 proces chorobowy, a...\" \/>\n<meta property=\"og:url\" content=\"https:\/\/neuroport.pl\/en\/choroby-zwyrodnieniowe-stawow-artroza\/\" \/>\n<meta property=\"og:site_name\" content=\"Neuroport\" \/>\n<meta property=\"article:publisher\" content=\"https:\/\/www.instagram.com\/neuroport\" \/>\n<meta property=\"article:modified_time\" content=\"2026-04-08T07:03:15+00:00\" \/>\n<meta name=\"twitter:card\" content=\"summary_large_image\" \/>\n<meta name=\"twitter:label1\" content=\"Est. reading time\" \/>\n\t<meta name=\"twitter:data1\" content=\"4 minutes\" \/>\n<script type=\"application\/ld+json\" class=\"yoast-schema-graph\">{\"@context\":\"https:\/\/schema.org\",\"@graph\":[{\"@type\":\"WebPage\",\"@id\":\"https:\/\/neuroport.pl\/choroby-zwyrodnieniowe-stawow-artroza\/\",\"url\":\"https:\/\/neuroport.pl\/choroby-zwyrodnieniowe-stawow-artroza\/\",\"name\":\"Choroby zwyrodnieniowe staw\u00f3w (artroza) - Neuroport\",\"isPartOf\":{\"@id\":\"https:\/\/neuroport.pl\/#website\"},\"datePublished\":\"2026-04-08T06:59:46+00:00\",\"dateModified\":\"2026-04-08T07:03:15+00:00\",\"breadcrumb\":{\"@id\":\"https:\/\/neuroport.pl\/choroby-zwyrodnieniowe-stawow-artroza\/#breadcrumb\"},\"inLanguage\":\"en-US\",\"potentialAction\":[{\"@type\":\"ReadAction\",\"target\":[\"https:\/\/neuroport.pl\/choroby-zwyrodnieniowe-stawow-artroza\/\"]}]},{\"@type\":\"BreadcrumbList\",\"@id\":\"https:\/\/neuroport.pl\/choroby-zwyrodnieniowe-stawow-artroza\/#breadcrumb\",\"itemListElement\":[{\"@type\":\"ListItem\",\"position\":1,\"name\":\"Strona g\u0142\u00f3wna\",\"item\":\"https:\/\/neuroport.pl\/\"},{\"@type\":\"ListItem\",\"position\":2,\"name\":\"Choroby zwyrodnieniowe staw\u00f3w (artroza)\"}]},{\"@type\":\"WebSite\",\"@id\":\"https:\/\/neuroport.pl\/#website\",\"url\":\"https:\/\/neuroport.pl\/\",\"name\":\"Neuroport\",\"description\":\"\",\"publisher\":{\"@id\":\"https:\/\/neuroport.pl\/#organization\"},\"potentialAction\":[{\"@type\":\"SearchAction\",\"target\":{\"@type\":\"EntryPoint\",\"urlTemplate\":\"https:\/\/neuroport.pl\/?s={search_term_string}\"},\"query-input\":{\"@type\":\"PropertyValueSpecification\",\"valueRequired\":true,\"valueName\":\"search_term_string\"}}],\"inLanguage\":\"en-US\"},{\"@type\":\"Organization\",\"@id\":\"https:\/\/neuroport.pl\/#organization\",\"name\":\"Neuroport\",\"url\":\"https:\/\/neuroport.pl\/\",\"logo\":{\"@type\":\"ImageObject\",\"inLanguage\":\"en-US\",\"@id\":\"https:\/\/neuroport.pl\/#\/schema\/logo\/image\/\",\"url\":\"https:\/\/neuroport.pl\/wp-content\/uploads\/2020\/03\/Neuroport_logo_CMYK.jpg\",\"contentUrl\":\"https:\/\/neuroport.pl\/wp-content\/uploads\/2020\/03\/Neuroport_logo_CMYK.jpg\",\"width\":1920,\"height\":786,\"caption\":\"Neuroport\"},\"image\":{\"@id\":\"https:\/\/neuroport.pl\/#\/schema\/logo\/image\/\"},\"sameAs\":[\"https:\/\/www.instagram.com\/neuroport\"]}]}<\/script>\n<!-- \/ Yoast SEO plugin. -->","yoast_head_json":{"title":"Choroby zwyrodnieniowe staw\u00f3w (artroza) - Neuroport","robots":{"index":"index","follow":"follow","max-snippet":"max-snippet:-1","max-image-preview":"max-image-preview:large","max-video-preview":"max-video-preview:-1"},"canonical":"https:\/\/neuroport.pl\/en\/choroby-zwyrodnieniowe-stawow-artroza\/","og_locale":"en_US","og_type":"article","og_title":"Choroby zwyrodnieniowe staw\u00f3w (artroza) - Neuroport","og_description":"B\u00f3l staw\u00f3w to jeden z najcz\u0119stszych objaw\u00f3w, kt\u00f3ry mo\u017ce wskazywa\u0107 na rozwijaj\u0105c\u0105 si\u0119 chorob\u0119 zwyrodnieniow\u0105, czyli artroz\u0119. W pocz\u0105tkowej fazie dolegliwo\u015bci bywaj\u0105 bagatelizowane, jednak z czasem mog\u0105 znacz\u0105co ogranicza\u0107 codzienne funkcjonowanie. B\u00f3l staw\u00f3w nasila si\u0119 podczas ruchu, a jego \u017ar\u00f3d\u0142em jest stopniowe zu\u017cywanie chrz\u0105stki stawowej. W\u0142a\u015bciwe rozpoznanie i wdro\u017cenie terapii pozwala spowolni\u0107 proces chorobowy, a...","og_url":"https:\/\/neuroport.pl\/en\/choroby-zwyrodnieniowe-stawow-artroza\/","og_site_name":"Neuroport","article_publisher":"https:\/\/www.instagram.com\/neuroport","article_modified_time":"2026-04-08T07:03:15+00:00","twitter_card":"summary_large_image","twitter_misc":{"Est. reading time":"4 minutes"},"schema":{"@context":"https:\/\/schema.org","@graph":[{"@type":"WebPage","@id":"https:\/\/neuroport.pl\/choroby-zwyrodnieniowe-stawow-artroza\/","url":"https:\/\/neuroport.pl\/choroby-zwyrodnieniowe-stawow-artroza\/","name":"Choroby zwyrodnieniowe staw\u00f3w (artroza) - Neuroport","isPartOf":{"@id":"https:\/\/neuroport.pl\/#website"},"datePublished":"2026-04-08T06:59:46+00:00","dateModified":"2026-04-08T07:03:15+00:00","breadcrumb":{"@id":"https:\/\/neuroport.pl\/choroby-zwyrodnieniowe-stawow-artroza\/#breadcrumb"},"inLanguage":"en-US","potentialAction":[{"@type":"ReadAction","target":["https:\/\/neuroport.pl\/choroby-zwyrodnieniowe-stawow-artroza\/"]}]},{"@type":"BreadcrumbList","@id":"https:\/\/neuroport.pl\/choroby-zwyrodnieniowe-stawow-artroza\/#breadcrumb","itemListElement":[{"@type":"ListItem","position":1,"name":"Strona g\u0142\u00f3wna","item":"https:\/\/neuroport.pl\/"},{"@type":"ListItem","position":2,"name":"Choroby zwyrodnieniowe staw\u00f3w (artroza)"}]},{"@type":"WebSite","@id":"https:\/\/neuroport.pl\/#website","url":"https:\/\/neuroport.pl\/","name":"Neuroport","description":"","publisher":{"@id":"https:\/\/neuroport.pl\/#organization"},"potentialAction":[{"@type":"SearchAction","target":{"@type":"EntryPoint","urlTemplate":"https:\/\/neuroport.pl\/?s={search_term_string}"},"query-input":{"@type":"PropertyValueSpecification","valueRequired":true,"valueName":"search_term_string"}}],"inLanguage":"en-US"},{"@type":"Organization","@id":"https:\/\/neuroport.pl\/#organization","name":"Neuroport","url":"https:\/\/neuroport.pl\/","logo":{"@type":"ImageObject","inLanguage":"en-US","@id":"https:\/\/neuroport.pl\/#\/schema\/logo\/image\/","url":"https:\/\/neuroport.pl\/wp-content\/uploads\/2020\/03\/Neuroport_logo_CMYK.jpg","contentUrl":"https:\/\/neuroport.pl\/wp-content\/uploads\/2020\/03\/Neuroport_logo_CMYK.jpg","width":1920,"height":786,"caption":"Neuroport"},"image":{"@id":"https:\/\/neuroport.pl\/#\/schema\/logo\/image\/"},"sameAs":["https:\/\/www.instagram.com\/neuroport"]}]}},"_links":{"self":[{"href":"https:\/\/neuroport.pl\/en\/wp-json\/wp\/v2\/pages\/996403","targetHints":{"allow":["GET"]}}],"collection":[{"href":"https:\/\/neuroport.pl\/en\/wp-json\/wp\/v2\/pages"}],"about":[{"href":"https:\/\/neuroport.pl\/en\/wp-json\/wp\/v2\/types\/page"}],"author":[{"embeddable":true,"href":"https:\/\/neuroport.pl\/en\/wp-json\/wp\/v2\/users\/2"}],"replies":[{"embeddable":true,"href":"https:\/\/neuroport.pl\/en\/wp-json\/wp\/v2\/comments?post=996403"}],"version-history":[{"count":2,"href":"https:\/\/neuroport.pl\/en\/wp-json\/wp\/v2\/pages\/996403\/revisions"}],"predecessor-version":[{"id":996406,"href":"https:\/\/neuroport.pl\/en\/wp-json\/wp\/v2\/pages\/996403\/revisions\/996406"}],"wp:attachment":[{"href":"https:\/\/neuroport.pl\/en\/wp-json\/wp\/v2\/media?parent=996403"}],"curies":[{"name":"wp","href":"https:\/\/api.w.org\/{rel}","templated":true}]}}